{"id":3479,"date":"2025-02-25T03:09:22","date_gmt":"2025-02-25T03:09:22","guid":{"rendered":"https:\/\/pakfarma.com\/?page_id=3479"},"modified":"2025-06-30T21:58:28","modified_gmt":"2025-06-30T21:58:28","slug":"pakfarma","status":"publish","type":"page","link":"https:\/\/pakfarma.com\/","title":{"rendered":"pakfarma"},"content":{"rendered":"\t\t<div data-elementor-type=\"wp-page\" data-elementor-id=\"3479\" class=\"elementor elementor-3479\" data-elementor-post-type=\"page\">\n\t\t\t\t<div class=\"elementor-element elementor-element-5ca60d4 e-con-full e-flex e-con e-parent\" data-id=\"5ca60d4\" data-element_type=\"container\" data-settings=\"{&quot;background_background&quot;:&quot;video&quot;}\">\n\t\t\t\t<div class=\"elementor-element elementor-element-8a4119f elementor--h-position-center elementor--v-position-middle elementor-arrows-position-inside elementor-pagination-position-inside elementor-widget elementor-widget-slides\" data-id=\"8a4119f\" data-element_type=\"widget\" data-settings=\"{&quot;navigation&quot;:&quot;both&quot;,&quot;autoplay&quot;:&quot;yes&quot;,&quot;pause_on_hover&quot;:&quot;yes&quot;,&quot;pause_on_interaction&quot;:&quot;yes&quot;,&quot;autoplay_speed&quot;:5000,&quot;infinite&quot;:&quot;yes&quot;,&quot;transition&quot;:&quot;slide&quot;,&quot;transition_speed&quot;:500}\" data-widget_type=\"slides.default\">\n\t\t\t\t<div class=\"elementor-widget-container\">\n\t\t\t\t\t\t\t<div class=\"elementor-swiper\">\n\t\t\t<div class=\"elementor-slides-wrapper elementor-main-swiper swiper\" dir=\"ltr\" data-animation=\"fadeInUp\">\n\t\t\t\t<div class=\"swiper-wrapper elementor-slides\">\n\t\t\t\t\t\t\t\t\t\t<div class=\"elementor-repeater-item-93be4bb swiper-slide\"><div class=\"swiper-slide-bg\" role=\"img\"><\/div><div class=\"swiper-slide-inner\" ><div class=\"swiper-slide-contents\"><div class=\"elementor-slide-description\">.<\/div><\/div><\/div><\/div>\t\t\t\t<\/div>\n\t\t\t\t\t\t\t<\/div>\n\t\t<\/div>\n\t\t\t\t\t\t<\/div>\n\t\t\t\t<\/div>\n\t\t\t\t<\/div>\n\t\t<div class=\"elementor-element elementor-element-474fb25 e-flex e-con-boxed e-con e-parent\" data-id=\"474fb25\" data-element_type=\"container\" id=\"about\" data-settings=\"{&quot;background_background&quot;:&quot;classic&quot;}\">\n\t\t\t\t\t<div class=\"e-con-inner\">\n\t\t<div class=\"elementor-element elementor-element-b8b525f e-con-full e-flex e-con e-child\" data-id=\"b8b525f\" data-element_type=\"container\">\n\t\t\t\t<div class=\"elementor-element elementor-element-7eb74d4 elementor-widget elementor-widget-image\" data-id=\"7eb74d4\" data-element_type=\"widget\" data-widget_type=\"image.default\">\n\t\t\t\t<div class=\"elementor-widget-container\">\n\t\t\t\t\t\t\t\t\t\t\t\t\t\t\t\t<a href=\"https:\/\/pakfarma.com\/wp-content\/uploads\/2025\/03\/BPF_0019-2025.pdf\">\n\t\t\t\t\t\t\t<img fetchpriority=\"high\" decoding=\"async\" width=\"562\" height=\"562\" src=\"https:\/\/pakfarma.com\/wp-content\/uploads\/2025\/03\/BPF-LOG2.png\" class=\"elementor-animation-wobble-vertical attachment-large size-large wp-image-3802\" alt=\"\" srcset=\"https:\/\/pakfarma.com\/wp-content\/uploads\/2025\/03\/BPF-LOG2.png 562w, https:\/\/pakfarma.com\/wp-content\/uploads\/2025\/03\/BPF-LOG2-300x300.png 300w, https:\/\/pakfarma.com\/wp-content\/uploads\/2025\/03\/BPF-LOG2-150x150.png 150w, https:\/\/pakfarma.com\/wp-content\/uploads\/2025\/03\/BPF-LOG2-70x70.png 70w, https:\/\/pakfarma.com\/wp-content\/uploads\/2025\/03\/BPF-LOG2-270x270.png 270w, https:\/\/pakfarma.com\/wp-content\/uploads\/2025\/03\/BPF-LOG2-100x100.png 100w, https:\/\/pakfarma.com\/wp-content\/uploads\/2025\/03\/BPF-LOG2-460x460.png 460w\" sizes=\"(max-width: 562px) 100vw, 562px\" \/>\t\t\t\t\t\t\t\t<\/a>\n\t\t\t\t\t\t\t\t\t\t\t\t\t\t\t<\/div>\n\t\t\t\t<\/div>\n\t\t\t\t<div class=\"elementor-element elementor-element-692f1a9 elementor-invisible elementor-widget elementor-widget-heading\" data-id=\"692f1a9\" data-element_type=\"widget\" data-settings=\"{&quot;_animation&quot;:&quot;fadeInUp&quot;}\" data-widget_type=\"heading.default\">\n\t\t\t\t<div class=\"elementor-widget-container\">\n\t\t\t\t\t<h2 class=\"elementor-heading-title elementor-size-default\">FARMACOVIGILANCIA <\/h2>\t\t\t\t<\/div>\n\t\t\t\t<\/div>\n\t\t\t\t<div class=\"elementor-element elementor-element-5fd0e31 elementor-invisible elementor-widget elementor-widget-text-editor\" data-id=\"5fd0e31\" data-element_type=\"widget\" data-settings=\"{&quot;_animation&quot;:&quot;fadeInUp&quot;}\" data-widget_type=\"text-editor.default\">\n\t\t\t\t<div class=\"elementor-widget-container\">\n\t\t\t\t\t\t\t\t\t<p>PAK FARMA SAC se preocupa por el bienestar y seguridad del paciente, por ello ha incorporado el \u00e1rea de farmacovigilancia, cuyo objetivo principal es contribuir con la protecci\u00f3n del paciente promoviendo el uso seguro y eficaz de los medicamentos, e impartiendo informaci\u00f3n oportuna.\u00a0 \u00a0 \u00a0<\/p>\t\t\t\t\t\t\t\t<\/div>\n\t\t\t\t<\/div>\n\t\t\t\t<\/div>\n\t\t\t\t\t<\/div>\n\t\t\t\t<\/div>\n\t\t<div class=\"elementor-element elementor-element-28d8867 e-flex e-con-boxed e-con e-parent\" data-id=\"28d8867\" data-element_type=\"container\">\n\t\t\t\t\t<div class=\"e-con-inner\">\n\t\t<div class=\"elementor-element elementor-element-e508e2e e-con-full e-flex elementor-invisible e-con e-child\" data-id=\"e508e2e\" data-element_type=\"container\" data-settings=\"{&quot;animation&quot;:&quot;fadeInUp&quot;}\">\n\t\t\t\t<div class=\"elementor-element elementor-element-75ccd35 elementor-widget elementor-widget-image\" data-id=\"75ccd35\" data-element_type=\"widget\" data-widget_type=\"image.default\">\n\t\t\t\t<div class=\"elementor-widget-container\">\n\t\t\t\t\t\t\t\t\t\t\t\t\t\t\t<img decoding=\"async\" width=\"300\" height=\"300\" src=\"https:\/\/pakfarma.com\/wp-content\/uploads\/2025\/02\/lg-3-300x300.png\" class=\"elementor-animation-wobble-vertical attachment-medium size-medium wp-image-3525\" alt=\"\" srcset=\"https:\/\/pakfarma.com\/wp-content\/uploads\/2025\/02\/lg-3-300x300.png 300w, https:\/\/pakfarma.com\/wp-content\/uploads\/2025\/02\/lg-3-150x150.png 150w, https:\/\/pakfarma.com\/wp-content\/uploads\/2025\/02\/lg-3-70x70.png 70w, https:\/\/pakfarma.com\/wp-content\/uploads\/2025\/02\/lg-3-270x270.png 270w, https:\/\/pakfarma.com\/wp-content\/uploads\/2025\/02\/lg-3-100x100.png 100w, https:\/\/pakfarma.com\/wp-content\/uploads\/2025\/02\/lg-3.png 460w\" sizes=\"(max-width: 300px) 100vw, 300px\" \/>\t\t\t\t\t\t\t\t\t\t\t\t\t\t\t<\/div>\n\t\t\t\t<\/div>\n\t\t\t\t<div class=\"elementor-element elementor-element-ef36946 elementor-widget elementor-widget-image\" data-id=\"ef36946\" data-element_type=\"widget\" data-widget_type=\"image.default\">\n\t\t\t\t<div class=\"elementor-widget-container\">\n\t\t\t\t\t\t\t\t\t\t\t\t\t\t\t<img decoding=\"async\" width=\"300\" height=\"300\" src=\"https:\/\/pakfarma.com\/wp-content\/uploads\/2025\/02\/lg-2-300x300.png\" class=\"elementor-animation-wobble-vertical attachment-medium size-medium wp-image-3524\" alt=\"\" srcset=\"https:\/\/pakfarma.com\/wp-content\/uploads\/2025\/02\/lg-2-300x300.png 300w, https:\/\/pakfarma.com\/wp-content\/uploads\/2025\/02\/lg-2-150x150.png 150w, https:\/\/pakfarma.com\/wp-content\/uploads\/2025\/02\/lg-2-70x70.png 70w, https:\/\/pakfarma.com\/wp-content\/uploads\/2025\/02\/lg-2-270x270.png 270w, https:\/\/pakfarma.com\/wp-content\/uploads\/2025\/02\/lg-2-100x100.png 100w, https:\/\/pakfarma.com\/wp-content\/uploads\/2025\/02\/lg-2.png 460w\" sizes=\"(max-width: 300px) 100vw, 300px\" \/>\t\t\t\t\t\t\t\t\t\t\t\t\t\t\t<\/div>\n\t\t\t\t<\/div>\n\t\t\t\t<div class=\"elementor-element elementor-element-226ee79 elementor-widget elementor-widget-image\" data-id=\"226ee79\" data-element_type=\"widget\" data-widget_type=\"image.default\">\n\t\t\t\t<div class=\"elementor-widget-container\">\n\t\t\t\t\t\t\t\t\t\t\t\t\t\t\t<img loading=\"lazy\" decoding=\"async\" width=\"300\" height=\"300\" src=\"https:\/\/pakfarma.com\/wp-content\/uploads\/2025\/02\/lg-1-300x300.png\" class=\"elementor-animation-wobble-vertical attachment-medium size-medium wp-image-3523\" alt=\"\" srcset=\"https:\/\/pakfarma.com\/wp-content\/uploads\/2025\/02\/lg-1-300x300.png 300w, https:\/\/pakfarma.com\/wp-content\/uploads\/2025\/02\/lg-1-150x150.png 150w, https:\/\/pakfarma.com\/wp-content\/uploads\/2025\/02\/lg-1-70x70.png 70w, https:\/\/pakfarma.com\/wp-content\/uploads\/2025\/02\/lg-1-270x270.png 270w, https:\/\/pakfarma.com\/wp-content\/uploads\/2025\/02\/lg-1-100x100.png 100w, https:\/\/pakfarma.com\/wp-content\/uploads\/2025\/02\/lg-1.png 460w\" sizes=\"(max-width: 300px) 100vw, 300px\" \/>\t\t\t\t\t\t\t\t\t\t\t\t\t\t\t<\/div>\n\t\t\t\t<\/div>\n\t\t\t\t<\/div>\n\t\t\t\t\t<\/div>\n\t\t\t\t<\/div>\n\t\t<div class=\"elementor-element elementor-element-9534794 e-grid e-con-full elementor-invisible e-con e-parent\" data-id=\"9534794\" data-element_type=\"container\" id=\"contact\" data-settings=\"{&quot;background_background&quot;:&quot;classic&quot;,&quot;animation&quot;:&quot;fadeInUp&quot;}\">\n\t\t<div class=\"elementor-element elementor-element-62ac3c8 e-flex e-con-boxed e-con e-child\" data-id=\"62ac3c8\" data-element_type=\"container\" data-settings=\"{&quot;background_background&quot;:&quot;classic&quot;}\">\n\t\t\t\t\t<div class=\"e-con-inner\">\n\t\t\t\t<div class=\"elementor-element elementor-element-faacd72 elementor-invisible elementor-widget elementor-widget-heading\" data-id=\"faacd72\" data-element_type=\"widget\" data-settings=\"{&quot;_animation&quot;:&quot;fadeInUp&quot;}\" data-widget_type=\"heading.default\">\n\t\t\t\t<div class=\"elementor-widget-container\">\n\t\t\t\t\t<h2 class=\"elementor-heading-title elementor-size-default\">Estamos para escucharte<\/h2>\t\t\t\t<\/div>\n\t\t\t\t<\/div>\n\t\t\t\t<div class=\"elementor-element elementor-element-f70cf02 elementor-invisible elementor-widget elementor-widget-heading\" data-id=\"f70cf02\" data-element_type=\"widget\" data-settings=\"{&quot;_animation&quot;:&quot;fadeInUp&quot;}\" data-widget_type=\"heading.default\">\n\t\t\t\t<div class=\"elementor-widget-container\">\n\t\t\t\t\t<h2 class=\"elementor-heading-title elementor-size-default\">CONTACTE CON NOSOTROS<\/h2>\t\t\t\t<\/div>\n\t\t\t\t<\/div>\n\t\t\t\t<div class=\"elementor-element elementor-element-24811d4 elementor-invisible elementor-widget elementor-widget-text-editor\" data-id=\"24811d4\" data-element_type=\"widget\" data-settings=\"{&quot;_animation&quot;:&quot;fadeInUp&quot;}\" data-widget_type=\"text-editor.default\">\n\t\t\t\t<div class=\"elementor-widget-container\">\n\t\t\t\t\t\t\t\t\t<p>Es momento de poder escucharte, puedes contactarte con nosotros por nuestros diversos canales de atenci\u00f3n o d\u00e9janos un mensaje, nos pondremos en contacto contigo en la brevedad posible.<\/p>\t\t\t\t\t\t\t\t<\/div>\n\t\t\t\t<\/div>\n\t\t\t\t<div class=\"elementor-element elementor-element-0438c89 elementor-widget elementor-widget-text-editor\" data-id=\"0438c89\" data-element_type=\"widget\" data-widget_type=\"text-editor.default\">\n\t\t\t\t<div class=\"elementor-widget-container\">\n\t\t\t\t\t\t\t\t\tCorreo electr\u00f3nico: \t\t\t\t\t\t\t\t<\/div>\n\t\t\t\t<\/div>\n\t\t\t\t<div class=\"elementor-element elementor-element-ac5cdb8 elementor-icon-list--layout-traditional elementor-list-item-link-full_width elementor-widget elementor-widget-icon-list\" data-id=\"ac5cdb8\" data-element_type=\"widget\" data-widget_type=\"icon-list.default\">\n\t\t\t\t<div class=\"elementor-widget-container\">\n\t\t\t\t\t\t\t<ul class=\"elementor-icon-list-items\">\n\t\t\t\t\t\t\t<li class=\"elementor-icon-list-item\">\n\t\t\t\t\t\t\t\t\t\t\t<span class=\"elementor-icon-list-icon\">\n\t\t\t\t\t\t\t<i aria-hidden=\"true\" class=\" icon-email\"><\/i>\t\t\t\t\t\t<\/span>\n\t\t\t\t\t\t\t\t\t\t<span class=\"elementor-icon-list-text\">farmacovigilancia@pakfarma.com<\/span>\n\t\t\t\t\t\t\t\t\t<\/li>\n\t\t\t\t\t\t<\/ul>\n\t\t\t\t\t\t<\/div>\n\t\t\t\t<\/div>\n\t\t\t\t<div class=\"elementor-element elementor-element-8ea154c elementor-widget elementor-widget-text-editor\" data-id=\"8ea154c\" data-element_type=\"widget\" data-widget_type=\"text-editor.default\">\n\t\t\t\t<div class=\"elementor-widget-container\">\n\t\t\t\t\t\t\t\t\tTel\u00e9fono de Farmacovigilancia:\t\t\t\t\t\t\t\t<\/div>\n\t\t\t\t<\/div>\n\t\t\t\t<div class=\"elementor-element elementor-element-c46a729 elementor-icon-list--layout-traditional elementor-list-item-link-full_width elementor-widget elementor-widget-icon-list\" data-id=\"c46a729\" data-element_type=\"widget\" data-widget_type=\"icon-list.default\">\n\t\t\t\t<div class=\"elementor-widget-container\">\n\t\t\t\t\t\t\t<ul class=\"elementor-icon-list-items\">\n\t\t\t\t\t\t\t<li class=\"elementor-icon-list-item\">\n\t\t\t\t\t\t\t\t\t\t\t<a href=\"https:\/\/wa.link\/5z8s3j\">\n\n\t\t\t\t\t\t\t\t\t\t\t\t<span class=\"elementor-icon-list-icon\">\n\t\t\t\t\t\t\t<i aria-hidden=\"true\" class=\" icon-telephone\"><\/i>\t\t\t\t\t\t<\/span>\n\t\t\t\t\t\t\t\t\t\t<span class=\"elementor-icon-list-text\">946 100 527<\/span>\n\t\t\t\t\t\t\t\t\t\t\t<\/a>\n\t\t\t\t\t\t\t\t\t<\/li>\n\t\t\t\t\t\t<\/ul>\n\t\t\t\t\t\t<\/div>\n\t\t\t\t<\/div>\n\t\t\t\t<div class=\"elementor-element elementor-element-ab3c7dc elementor-widget elementor-widget-text-editor\" data-id=\"ab3c7dc\" data-element_type=\"widget\" data-widget_type=\"text-editor.default\">\n\t\t\t\t<div class=\"elementor-widget-container\">\n\t\t\t\t\t\t\t\t\tDirecci\u00f3n: \t\t\t\t\t\t\t\t<\/div>\n\t\t\t\t<\/div>\n\t\t\t\t<div class=\"elementor-element elementor-element-141b749 elementor-icon-list--layout-traditional elementor-list-item-link-full_width elementor-widget elementor-widget-icon-list\" data-id=\"141b749\" data-element_type=\"widget\" data-widget_type=\"icon-list.default\">\n\t\t\t\t<div class=\"elementor-widget-container\">\n\t\t\t\t\t\t\t<ul class=\"elementor-icon-list-items\">\n\t\t\t\t\t\t\t<li class=\"elementor-icon-list-item\">\n\t\t\t\t\t\t\t\t\t\t\t<span class=\"elementor-icon-list-icon\">\n\t\t\t\t\t\t\t<i aria-hidden=\"true\" class=\"fas fa-map-marker-alt\"><\/i>\t\t\t\t\t\t<\/span>\n\t\t\t\t\t\t\t\t\t\t<span class=\"elementor-icon-list-text\">Av. Industrias Unidas Mz. A Lote. 2 Int. C-16 Urb. Parque Industrial de Anc\u00f3n - Anc\u00f3n - Lima \u2013 PER\u00da<\/span>\n\t\t\t\t\t\t\t\t\t<\/li>\n\t\t\t\t\t\t<\/ul>\n\t\t\t\t\t\t<\/div>\n\t\t\t\t<\/div>\n\t\t\t\t<div class=\"elementor-element elementor-element-1de0930 elementor-widget elementor-widget-image\" data-id=\"1de0930\" data-element_type=\"widget\" data-widget_type=\"image.default\">\n\t\t\t\t<div class=\"elementor-widget-container\">\n\t\t\t\t\t\t\t\t\t\t\t\t\t\t\t<img loading=\"lazy\" decoding=\"async\" width=\"640\" height=\"182\" src=\"https:\/\/pakfarma.com\/wp-content\/uploads\/2025\/02\/logo-pakfarma-t.png\" class=\"attachment-large size-large wp-image-3542\" alt=\"\" srcset=\"https:\/\/pakfarma.com\/wp-content\/uploads\/2025\/02\/logo-pakfarma-t.png 905w, https:\/\/pakfarma.com\/wp-content\/uploads\/2025\/02\/logo-pakfarma-t-300x85.png 300w, https:\/\/pakfarma.com\/wp-content\/uploads\/2025\/02\/logo-pakfarma-t-768x218.png 768w, https:\/\/pakfarma.com\/wp-content\/uploads\/2025\/02\/logo-pakfarma-t-570x162.png 570w\" sizes=\"(max-width: 640px) 100vw, 640px\" \/>\t\t\t\t\t\t\t\t\t\t\t\t\t\t\t<\/div>\n\t\t\t\t<\/div>\n\t\t\t\t\t<\/div>\n\t\t\t\t<\/div>\n\t\t<div class=\"elementor-element elementor-element-d6f9bdd e-flex e-con-boxed e-con e-child\" data-id=\"d6f9bdd\" data-element_type=\"container\">\n\t\t\t\t\t<div class=\"e-con-inner\">\n\t\t\t\t<div class=\"elementor-element elementor-element-feb1a0c elementor-invisible elementor-widget elementor-widget-heading\" data-id=\"feb1a0c\" data-element_type=\"widget\" data-settings=\"{&quot;_animation&quot;:&quot;fadeInUp&quot;}\" data-widget_type=\"heading.default\">\n\t\t\t\t<div class=\"elementor-widget-container\">\n\t\t\t\t\t<h2 class=\"elementor-heading-title elementor-size-default\">ESCRIBENOS<\/h2>\t\t\t\t<\/div>\n\t\t\t\t<\/div>\n\t\t\t\t<div class=\"elementor-element elementor-element-15fad27 elementor-invisible elementor-widget elementor-widget-text-editor\" data-id=\"15fad27\" data-element_type=\"widget\" data-settings=\"{&quot;_animation&quot;:&quot;fadeInUp&quot;}\" data-widget_type=\"text-editor.default\">\n\t\t\t\t<div class=\"elementor-widget-container\">\n\t\t\t\t\t\t\t\t\t\n<div class=\"wpcf7 no-js\" id=\"wpcf7-f20-p3479-o1\" lang=\"es-ES\" dir=\"ltr\" data-wpcf7-id=\"20\">\n<div class=\"screen-reader-response\"><p role=\"status\" aria-live=\"polite\" aria-atomic=\"true\"><\/p> <ul><\/ul><\/div>\n<form action=\"\/#wpcf7-f20-p3479-o1\" method=\"post\" class=\"wpcf7-form init\" aria-label=\"Formulario de contacto\" novalidate=\"novalidate\" data-status=\"init\">\n<div style=\"display: none;\">\n<input type=\"hidden\" name=\"_wpcf7\" value=\"20\" \/>\n<input type=\"hidden\" name=\"_wpcf7_version\" value=\"6.0.1\" \/>\n<input type=\"hidden\" name=\"_wpcf7_locale\" value=\"es_ES\" \/>\n<input type=\"hidden\" name=\"_wpcf7_unit_tag\" value=\"wpcf7-f20-p3479-o1\" \/>\n<input type=\"hidden\" name=\"_wpcf7_container_post\" value=\"3479\" \/>\n<input type=\"hidden\" name=\"_wpcf7_posted_data_hash\" value=\"\" \/>\n<\/div>\n<style>\ninput[type=\"text\"],\ninput[type=\"email\"],\ntextarea\n{\n    background-color: #fff;\n    color: #000;\n    width: 160%;\n    padding: 5% 5% 5% 5%;\n    border-radius: 50px;\n    border-style: 1px;\n    border-color: #7dcf62;\n}\n\n input.wpcf7-submit {\n    background-color: #198c19;\n    color: #fff;\n    border: none;\n    box-shadow: none;\n    border-radius: 50px;\n    padding: 4% 8% 4% 8%;\n\n}\n\n<\/style>\n\n<label> \n    <span class=\"wpcf7-form-control-wrap\" data-name=\"your-name\"><input size=\"40\" maxlength=\"400\" class=\"wpcf7-form-control wpcf7-text wpcf7-validates-as-required\" aria-required=\"true\" aria-invalid=\"false\" placeholder=\"Nombres\" value=\"\" type=\"text\" name=\"your-name\" \/><\/span> <\/label>\n<br><br>\n<label> \n    <span class=\"wpcf7-form-control-wrap\" data-name=\"your-ape\"><input size=\"40\" maxlength=\"400\" class=\"wpcf7-form-control wpcf7-text wpcf7-validates-as-required\" aria-required=\"true\" aria-invalid=\"false\" placeholder=\"Apellidos\" value=\"\" type=\"text\" name=\"your-ape\" \/><\/span> <\/label>\n<br><br>\n<label> \n    <span class=\"wpcf7-form-control-wrap\" data-name=\"your-email\"><input size=\"40\" maxlength=\"400\" class=\"wpcf7-form-control wpcf7-email wpcf7-validates-as-required wpcf7-text wpcf7-validates-as-email\" aria-required=\"true\" aria-invalid=\"false\" placeholder=\"Correo Electr\u00f3nico\" value=\"\" type=\"email\" name=\"your-email\" \/><\/span> <\/label>\n<br><br>\n<label> \n    <span class=\"wpcf7-form-control-wrap\" data-name=\"your-wha\"><input size=\"40\" maxlength=\"400\" class=\"wpcf7-form-control wpcf7-text wpcf7-validates-as-required\" aria-required=\"true\" aria-invalid=\"false\" placeholder=\"Whatsapp\" value=\"\" type=\"text\" name=\"your-wha\" \/><\/span> <\/label>\n\n<br><br>\n\n<label> \n    <span class=\"wpcf7-form-control-wrap\" data-name=\"your-come\"><input size=\"40\" maxlength=\"400\" class=\"wpcf7-form-control wpcf7-text wpcf7-validates-as-required\" aria-required=\"true\" aria-invalid=\"false\" placeholder=\"Comentarios\" value=\"\" type=\"text\" name=\"your-come\" \/><\/span> <\/label>\n\n<br><br>\n\n<input class=\"wpcf7-form-control wpcf7-submit has-spinner\" type=\"submit\" value=\"Enviar Mensaje\" \/><div class=\"wpcf7-response-output\" aria-hidden=\"true\"><\/div>\n<\/form>\n<\/div>\n\t\t\t\t\t\t\t\t<\/div>\n\t\t\t\t<\/div>\n\t\t\t\t\t<\/div>\n\t\t\t\t<\/div>\n\t\t\t\t<\/div>\n\t\t<div class=\"elementor-element elementor-element-e5c5d57 e-grid e-con-full e-con e-parent\" data-id=\"e5c5d57\" data-element_type=\"container\">\n\t\t\t\t<div class=\"elementor-element elementor-element-87b0f43 elementor-widget elementor-widget-google_maps\" data-id=\"87b0f43\" data-element_type=\"widget\" data-widget_type=\"google_maps.default\">\n\t\t\t\t<div class=\"elementor-widget-container\">\n\t\t\t\t\t\t\t<div class=\"elementor-custom-embed\">\n\t\t\t<iframe loading=\"lazy\"\n\t\t\t\t\tsrc=\"https:\/\/maps.google.com\/maps?q=Av.%20Industrias%20Unidas%20MZ%20A%20LT2&#038;t=m&#038;z=15&#038;output=embed&#038;iwloc=near\"\n\t\t\t\t\ttitle=\"Av. Industrias Unidas MZ A LT2\"\n\t\t\t\t\taria-label=\"Av. Industrias Unidas MZ A LT2\"\n\t\t\t><\/iframe>\n\t\t<\/div>\n\t\t\t\t\t\t<\/div>\n\t\t\t\t<\/div>\n\t\t\t\t<\/div>\n\t\t\t\t<\/div>\n\t\t","protected":false},"excerpt":{"rendered":"<p>. FARMACOVIGILANCIA PAK FARMA SAC se preocupa por el bienestar y seguridad del paciente, por ello ha incorporado el \u00e1rea de farmacovigilancia, cuyo objetivo principal es contribuir con la protecci\u00f3n del paciente promoviendo el uso seguro y eficaz de los medicamentos, e impartiendo informaci\u00f3n oportuna.\u00a0 \u00a0 \u00a0 Estamos para escucharte CONTACTE CON NOSOTROS Es momento [&hellip;]<\/p>\n","protected":false},"author":3,"featured_media":0,"parent":0,"menu_order":0,"comment_status":"closed","ping_status":"closed","template":"elementor_header_footer","meta":{"footnotes":""},"class_list":["post-3479","page","type-page","status-publish","hentry"],"_links":{"self":[{"href":"https:\/\/pakfarma.com\/index.php?rest_route=\/wp\/v2\/pages\/3479","targetHints":{"allow":["GET"]}}],"collection":[{"href":"https:\/\/pakfarma.com\/index.php?rest_route=\/wp\/v2\/pages"}],"about":[{"href":"https:\/\/pakfarma.com\/index.php?rest_route=\/wp\/v2\/types\/page"}],"author":[{"embeddable":true,"href":"https:\/\/pakfarma.com\/index.php?rest_route=\/wp\/v2\/users\/3"}],"replies":[{"embeddable":true,"href":"https:\/\/pakfarma.com\/index.php?rest_route=%2Fwp%2Fv2%2Fcomments&post=3479"}],"version-history":[{"count":262,"href":"https:\/\/pakfarma.com\/index.php?rest_route=\/wp\/v2\/pages\/3479\/revisions"}],"predecessor-version":[{"id":3816,"href":"https:\/\/pakfarma.com\/index.php?rest_route=\/wp\/v2\/pages\/3479\/revisions\/3816"}],"wp:attachment":[{"href":"https:\/\/pakfarma.com\/index.php?rest_route=%2Fwp%2Fv2%2Fmedia&parent=3479"}],"curies":[{"name":"wp","href":"https:\/\/api.w.org\/{rel}","templated":true}]}}